{"id":125,"date":"2018-08-12T16:09:01","date_gmt":"2018-08-12T14:09:01","guid":{"rendered":"http:\/\/arr-berlin.de\/?page_id=125"},"modified":"2019-06-06T07:27:18","modified_gmt":"2019-06-06T05:27:18","slug":"contact-ar","status":"publish","type":"page","link":"https:\/\/arr-berlin.de\/ar\/contact-ar\/","title":{"rendered":"Contact"},"content":{"rendered":"\n<p>Please note that data transmission on the Internet can always be subject to security gaps.<strong>&nbsp;If you depend on anonymity, please contact us under a pseudonym.<\/strong><\/p>\n\n\n\n<p>Bitte beachten Sie, dass eine Daten\u00fcbertragung im Internet grunds\u00e4tzlich mit Sicherheitsl\u00fccken behaftet sein kann.&nbsp;<strong>Wenn Sie auf Anonymit\u00e4t angewiesen sind, kontaktieren Sie uns bitte unter einem Pseudonym.<\/strong><\/p>\n\n\n\n<div class=\"wpcf7 no-js\" id=\"wpcf7-f1695-o1\" lang=\"de-DE\" dir=\"ltr\" data-wpcf7-id=\"1695\">\n<div class=\"screen-reader-response\"><p role=\"status\" aria-live=\"polite\" aria-atomic=\"true\"><\/p> <ul><\/ul><\/div>\n<form action=\"\/ar\/wp-json\/wp\/v2\/pages\/125#wpcf7-f1695-o1\" method=\"post\" class=\"wpcf7-form init\" aria-label=\"Kontaktformular\" novalidate=\"novalidate\" data-status=\"init\">\n<fieldset class=\"hidden-fields-container\"><input type=\"hidden\" name=\"_wpcf7\" value=\"1695\" \/><input type=\"hidden\" name=\"_wpcf7_version\" value=\"6.1.5\" \/><input type=\"hidden\" name=\"_wpcf7_locale\" value=\"de_DE\" \/><input type=\"hidden\" name=\"_wpcf7_unit_tag\" value=\"wpcf7-f1695-o1\" \/><input type=\"hidden\" name=\"_wpcf7_container_post\" value=\"0\" \/><input type=\"hidden\" name=\"_wpcf7_posted_data_hash\" value=\"\" \/>\n<\/fieldset>\n<p><label> Name<br \/>\n<span class=\"wpcf7-form-control-wrap\" data-name=\"your-name\"><input size=\"40\" maxlength=\"400\" class=\"wpcf7-form-control wpcf7-text wpcf7-validates-as-required\" autocomplete=\"name\" aria-required=\"true\" aria-invalid=\"false\" value=\"\" type=\"text\" name=\"your-name\" \/><\/span> <\/label>\n<\/p>\n<p><label> E-Mail<br \/>\n<span class=\"wpcf7-form-control-wrap\" data-name=\"your-email\"><input size=\"40\" maxlength=\"400\" class=\"wpcf7-form-control wpcf7-email wpcf7-validates-as-required wpcf7-text wpcf7-validates-as-email\" autocomplete=\"email\" aria-required=\"true\" aria-invalid=\"false\" value=\"\" type=\"email\" name=\"your-email\" \/><\/span> <\/label>\n<\/p>\n<p><label> Betreff \/ Subject<br \/>\n<span class=\"wpcf7-form-control-wrap\" data-name=\"your-subject\"><input size=\"40\" maxlength=\"400\" class=\"wpcf7-form-control wpcf7-text wpcf7-validates-as-required\" aria-required=\"true\" aria-invalid=\"false\" value=\"\" type=\"text\" name=\"your-subject\" \/><\/span> <\/label>\n<\/p>\n<p><label> Nachricht \/ Message (optional)<br \/>\n<span class=\"wpcf7-form-control-wrap\" data-name=\"your-message\"><textarea cols=\"40\" rows=\"10\" maxlength=\"2000\" class=\"wpcf7-form-control wpcf7-textarea\" aria-invalid=\"false\" name=\"your-message\"><\/textarea><\/span> <\/label>\n<\/p>\n<p><span class=\"wpcf7-form-control-wrap\" data-name=\"quiz-654\"><label><span class=\"wpcf7-quiz-label\">Quiz: 3 x 6 =<\/span> <input size=\"40\" class=\"wpcf7-form-control wpcf7-quiz\" autocomplete=\"off\" aria-required=\"true\" aria-invalid=\"false\" type=\"text\" name=\"quiz-654\" \/><\/label><input type=\"hidden\" name=\"_wpcf7_quiz_answer_quiz-654\" value=\"f722253f90f6e8943b1d74addb06cc96\" \/><\/span>\n<\/p>\n<p><input class=\"wpcf7-form-control wpcf7-submit has-spinner\" type=\"submit\" value=\"Senden\" \/>\n<\/p><div class=\"wpcf7-response-output\" aria-hidden=\"true\"><\/div>\n<\/form>\n<\/div>\n\n\n\n\n<div style=\"height:100px\" aria-hidden=\"true\" class=\"wp-block-spacer\"><\/div>\n\n\n\n<p><strong>S\u00e4kulare Fl\u00fcchtlingshilfe Berlin e.\u2009V.<\/strong><br><\/p>\n\n\n\n<p>E-Mail:&nbsp;hilfe@arr-berlin.de<\/p>\n\n\n\n<p><a href=\"https:\/\/arr-berlin.de\/datenschutz\/\">Datenschutzerkl\u00e4rung<\/a><\/p>\n","protected":false},"excerpt":{"rendered":"<p>Please note that data transmission on the Internet can always be subject to security gaps.&nbsp;If you depend on anonymity, please contact us under a pseudonym. Bitte beachten Sie, dass eine Daten\u00fcbertragung im Internet grunds\u00e4tzlich mit Sicherheitsl\u00fccken behaftet sein kann.&nbsp;Wenn Sie auf Anonymit\u00e4t angewiesen sind, kontaktieren Sie uns bitte unter einem Pseudonym. S\u00e4kulare Fl\u00fcchtlingshilfe Berlin e.\u2009V. &hellip; <\/p>\n<p class=\"link-more\"><a href=\"https:\/\/arr-berlin.de\/ar\/contact-ar\/\" class=\"more-link\">\u0645\u062a\u0627\u0628\u0639\u0629 \u0642\u0631\u0627\u0621\u0629<span class=\"screen-reader-text\"> &#8220;Contact&#8221;<\/span><\/a><\/p>\n","protected":false},"author":10,"featured_media":0,"parent":0,"menu_order":60,"comment_status":"closed","ping_status":"closed","template":"","meta":{"footnotes":""},"class_list":["post-125","page","type-page","status-publish","hentry"],"yoast_head":"<!-- This site is optimized with the Yoast SEO plugin v27.4 - https:\/\/yoast.com\/product\/yoast-seo-wordpress\/ -->\n<title>Contact - ARR \u2013 S\u00e4kulare Fl\u00fcchtlingshilfe Berlin<\/title>\n<meta name=\"robots\" content=\"index, follow, max-snippet:-1, max-image-preview:large, max-video-preview:-1\" \/>\n<link rel=\"canonical\" href=\"https:\/\/arr-berlin.de\/ar\/contact-ar\/\" \/>\n<meta property=\"og:locale\" content=\"ar_AR\" \/>\n<meta property=\"og:type\" content=\"article\" \/>\n<meta property=\"og:title\" content=\"Contact - ARR \u2013 S\u00e4kulare Fl\u00fcchtlingshilfe Berlin\" \/>\n<meta property=\"og:description\" content=\"Please note that data transmission on the Internet can always be subject to security gaps.&nbsp;If you depend on anonymity, please contact us under a pseudonym. Bitte beachten Sie, dass eine Daten\u00fcbertragung im Internet grunds\u00e4tzlich mit Sicherheitsl\u00fccken behaftet sein kann.&nbsp;Wenn Sie auf Anonymit\u00e4t angewiesen sind, kontaktieren Sie uns bitte unter einem Pseudonym. S\u00e4kulare Fl\u00fcchtlingshilfe Berlin e.\u2009V. &hellip; \u0645\u062a\u0627\u0628\u0639\u0629 \u0642\u0631\u0627\u0621\u0629 &quot;Contact&quot;\" \/>\n<meta property=\"og:url\" content=\"https:\/\/arr-berlin.de\/ar\/contact-ar\/\" \/>\n<meta property=\"og:site_name\" content=\"ARR \u2013 S\u00e4kulare Fl\u00fcchtlingshilfe Berlin\" \/>\n<meta property=\"article:modified_time\" content=\"2019-06-06T05:27:18+00:00\" \/>\n<meta name=\"twitter:card\" content=\"summary_large_image\" \/>\n<script type=\"application\/ld+json\" class=\"yoast-schema-graph\">{\"@context\":\"https:\\\/\\\/schema.org\",\"@graph\":[{\"@type\":\"WebPage\",\"@id\":\"https:\\\/\\\/arr-berlin.de\\\/ar\\\/contact-ar\\\/\",\"url\":\"https:\\\/\\\/arr-berlin.de\\\/ar\\\/contact-ar\\\/\",\"name\":\"Contact - ARR \u2013 S\u00e4kulare Fl\u00fcchtlingshilfe Berlin\",\"isPartOf\":{\"@id\":\"https:\\\/\\\/arr-berlin.de\\\/#website\"},\"datePublished\":\"2018-08-12T14:09:01+00:00\",\"dateModified\":\"2019-06-06T05:27:18+00:00\",\"breadcrumb\":{\"@id\":\"https:\\\/\\\/arr-berlin.de\\\/ar\\\/contact-ar\\\/#breadcrumb\"},\"inLanguage\":\"ar\",\"potentialAction\":[{\"@type\":\"ReadAction\",\"target\":[\"https:\\\/\\\/arr-berlin.de\\\/ar\\\/contact-ar\\\/\"]}]},{\"@type\":\"BreadcrumbList\",\"@id\":\"https:\\\/\\\/arr-berlin.de\\\/ar\\\/contact-ar\\\/#breadcrumb\",\"itemListElement\":[{\"@type\":\"ListItem\",\"position\":1,\"name\":\"Startseite\",\"item\":\"https:\\\/\\\/arr-berlin.de\\\/ar\\\/\"},{\"@type\":\"ListItem\",\"position\":2,\"name\":\"Contact\"}]},{\"@type\":\"WebSite\",\"@id\":\"https:\\\/\\\/arr-berlin.de\\\/#website\",\"url\":\"https:\\\/\\\/arr-berlin.de\\\/\",\"name\":\"ARR \u2013 S\u00e4kulare Fl\u00fcchtlingshilfe Berlin\",\"description\":\"\",\"potentialAction\":[{\"@type\":\"SearchAction\",\"target\":{\"@type\":\"EntryPoint\",\"urlTemplate\":\"https:\\\/\\\/arr-berlin.de\\\/?s={search_term_string}\"},\"query-input\":{\"@type\":\"PropertyValueSpecification\",\"valueRequired\":true,\"valueName\":\"search_term_string\"}}],\"inLanguage\":\"ar\"}]}<\/script>\n<!-- \/ Yoast SEO plugin. -->","yoast_head_json":{"title":"Contact - ARR \u2013 S\u00e4kulare Fl\u00fcchtlingshilfe Berlin","robots":{"index":"index","follow":"follow","max-snippet":"max-snippet:-1","max-image-preview":"max-image-preview:large","max-video-preview":"max-video-preview:-1"},"canonical":"https:\/\/arr-berlin.de\/ar\/contact-ar\/","og_locale":"ar_AR","og_type":"article","og_title":"Contact - ARR \u2013 S\u00e4kulare Fl\u00fcchtlingshilfe Berlin","og_description":"Please note that data transmission on the Internet can always be subject to security gaps.&nbsp;If you depend on anonymity, please contact us under a pseudonym. Bitte beachten Sie, dass eine Daten\u00fcbertragung im Internet grunds\u00e4tzlich mit Sicherheitsl\u00fccken behaftet sein kann.&nbsp;Wenn Sie auf Anonymit\u00e4t angewiesen sind, kontaktieren Sie uns bitte unter einem Pseudonym. S\u00e4kulare Fl\u00fcchtlingshilfe Berlin e.\u2009V. &hellip; \u0645\u062a\u0627\u0628\u0639\u0629 \u0642\u0631\u0627\u0621\u0629 \"Contact\"","og_url":"https:\/\/arr-berlin.de\/ar\/contact-ar\/","og_site_name":"ARR \u2013 S\u00e4kulare Fl\u00fcchtlingshilfe Berlin","article_modified_time":"2019-06-06T05:27:18+00:00","twitter_card":"summary_large_image","schema":{"@context":"https:\/\/schema.org","@graph":[{"@type":"WebPage","@id":"https:\/\/arr-berlin.de\/ar\/contact-ar\/","url":"https:\/\/arr-berlin.de\/ar\/contact-ar\/","name":"Contact - ARR \u2013 S\u00e4kulare Fl\u00fcchtlingshilfe Berlin","isPartOf":{"@id":"https:\/\/arr-berlin.de\/#website"},"datePublished":"2018-08-12T14:09:01+00:00","dateModified":"2019-06-06T05:27:18+00:00","breadcrumb":{"@id":"https:\/\/arr-berlin.de\/ar\/contact-ar\/#breadcrumb"},"inLanguage":"ar","potentialAction":[{"@type":"ReadAction","target":["https:\/\/arr-berlin.de\/ar\/contact-ar\/"]}]},{"@type":"BreadcrumbList","@id":"https:\/\/arr-berlin.de\/ar\/contact-ar\/#breadcrumb","itemListElement":[{"@type":"ListItem","position":1,"name":"Startseite","item":"https:\/\/arr-berlin.de\/ar\/"},{"@type":"ListItem","position":2,"name":"Contact"}]},{"@type":"WebSite","@id":"https:\/\/arr-berlin.de\/#website","url":"https:\/\/arr-berlin.de\/","name":"ARR \u2013 S\u00e4kulare Fl\u00fcchtlingshilfe Berlin","description":"","potentialAction":[{"@type":"SearchAction","target":{"@type":"EntryPoint","urlTemplate":"https:\/\/arr-berlin.de\/?s={search_term_string}"},"query-input":{"@type":"PropertyValueSpecification","valueRequired":true,"valueName":"search_term_string"}}],"inLanguage":"ar"}]}},"_links":{"self":[{"href":"https:\/\/arr-berlin.de\/ar\/wp-json\/wp\/v2\/pages\/125","targetHints":{"allow":["GET"]}}],"collection":[{"href":"https:\/\/arr-berlin.de\/ar\/wp-json\/wp\/v2\/pages"}],"about":[{"href":"https:\/\/arr-berlin.de\/ar\/wp-json\/wp\/v2\/types\/page"}],"author":[{"embeddable":true,"href":"https:\/\/arr-berlin.de\/ar\/wp-json\/wp\/v2\/users\/10"}],"replies":[{"embeddable":true,"href":"https:\/\/arr-berlin.de\/ar\/wp-json\/wp\/v2\/comments?post=125"}],"version-history":[{"count":7,"href":"https:\/\/arr-berlin.de\/ar\/wp-json\/wp\/v2\/pages\/125\/revisions"}],"predecessor-version":[{"id":1291,"href":"https:\/\/arr-berlin.de\/ar\/wp-json\/wp\/v2\/pages\/125\/revisions\/1291"}],"wp:attachment":[{"href":"https:\/\/arr-berlin.de\/ar\/wp-json\/wp\/v2\/media?parent=125"}],"curies":[{"name":"wp","href":"https:\/\/api.w.org\/{rel}","templated":true}]}}